{"id":215,"date":"2020-05-24T14:21:47","date_gmt":"2020-05-24T17:21:47","guid":{"rendered":"http:\/\/seutalento.com.br\/?page_id=215"},"modified":"2020-06-05T21:12:16","modified_gmt":"2020-06-06T00:12:16","slug":"servicos","status":"publish","type":"page","link":"https:\/\/seutalento.com.br\/index.php\/servicos\/","title":{"rendered":"Servi\u00e7os"},"content":{"rendered":"\t\t<div data-elementor-type=\"wp-page\" data-elementor-id=\"215\" class=\"elementor elementor-215\" data-elementor-settings=\"[]\">\n\t\t\t<div class=\"elementor-inner\">\n\t\t\t\t<div class=\"elementor-section-wrap\">\n\t\t\t\t\t\t\t<section class=\"elementor-element elementor-element-c9cedc4 elementor-section-full_width elementor-section-height-min-height elementor-section-height-default elementor-section-items-middle elementor-section elementor-top-section\" data-id=\"c9cedc4\" data-element_type=\"section\" data-settings=\"{&quot;background_background&quot;:&quot;gradient&quot;}\">\n\t\t\t\t\t\t<div class=\"elementor-container elementor-column-gap-no\">\n\t\t\t\t<div class=\"elementor-row\">\n\t\t\t\t<div class=\"elementor-element elementor-element-8a29e2b elementor-column elementor-col-100 elementor-top-column\" data-id=\"8a29e2b\" data-element_type=\"column\">\n\t\t\t<div class=\"elementor-column-wrap  elementor-element-populated\">\n\t\t\t\t\t<div class=\"elementor-widget-wrap\">\n\t\t\t\t\t\t<\/div>\n\t\t\t<\/div>\n\t\t<\/div>\n\t\t\t\t\t\t<\/div>\n\t\t\t<\/div>\n\t\t<\/section>\n\t\t\t\t<section class=\"elementor-element elementor-element-64d2f54 elementor-section-boxed elementor-section-height-default elementor-section-height-default elementor-section elementor-top-section\" data-id=\"64d2f54\" data-element_type=\"section\">\n\t\t\t\t\t\t<div class=\"elementor-container elementor-column-gap-default\">\n\t\t\t\t<div class=\"elementor-row\">\n\t\t\t\t<div class=\"elementor-element elementor-element-65626e8 elementor-column elementor-col-100 elementor-top-column\" data-id=\"65626e8\" data-element_type=\"column\">\n\t\t\t<div class=\"elementor-column-wrap  elementor-element-populated\">\n\t\t\t\t\t<div class=\"elementor-widget-wrap\">\n\t\t\t\t<div class=\"elementor-element elementor-element-656cd26 elementor-widget elementor-widget-heading\" data-id=\"656cd26\" data-element_type=\"widget\" data-widget_type=\"heading.default\">\n\t\t\t\t<div class=\"elementor-widget-container\">\n\t\t\t<h2 class=\"elementor-heading-title elementor-size-default\">Veja todos os servi\u00e7os<\/h2>\t\t<\/div>\n\t\t\t\t<\/div>\n\t\t\t\t<div class=\"elementor-element elementor-element-70f7344 elementor-widget-divider--view-line_icon elementor-view-default elementor-widget-divider--element-align-center elementor-widget elementor-widget-divider\" data-id=\"70f7344\" data-element_type=\"widget\" data-widget_type=\"divider.default\">\n\t\t\t\t<div class=\"elementor-widget-container\">\n\t\t\t\t\t<div class=\"elementor-divider\">\n\t\t\t<span class=\"elementor-divider-separator\">\n\t\t\t\t\t\t\t<div class=\"elementor-icon elementor-divider__element\">\n\t\t\t\t\t<i aria-hidden=\"true\" class=\"far fa-check-circle\"><\/i><\/div>\n\t\t\t\t\t\t<\/span>\n\t\t<\/div>\n\t\t\t\t<\/div>\n\t\t\t\t<\/div>\n\t\t\t\t\t\t<\/div>\n\t\t\t<\/div>\n\t\t<\/div>\n\t\t\t\t\t\t<\/div>\n\t\t\t<\/div>\n\t\t<\/section>\n\t\t\t\t<section class=\"elementor-element elementor-element-2fccf71 elementor-section-boxed elementor-section-height-default elementor-section-height-default elementor-invisible elementor-section elementor-top-section\" data-id=\"2fccf71\" data-element_type=\"section\" data-settings=\"{&quot;animation&quot;:&quot;fadeInUp&quot;}\">\n\t\t\t\t\t\t<div class=\"elementor-container elementor-column-gap-default\">\n\t\t\t\t<div class=\"elementor-row\">\n\t\t\t\t<div class=\"elementor-element elementor-element-9656559 elementor-column elementor-col-33 elementor-top-column\" data-id=\"9656559\" data-element_type=\"column\">\n\t\t\t<div class=\"elementor-column-wrap  elementor-element-populated\">\n\t\t\t\t\t<div class=\"elementor-widget-wrap\">\n\t\t\t\t<div class=\"elementor-element elementor-element-595dedc pp-info-box-top elementor-widget elementor-widget-pp-info-box\" data-id=\"595dedc\" data-element_type=\"widget\" data-settings=\"{&quot;icon_position&quot;:&quot;top&quot;}\" data-widget_type=\"pp-info-box.default\">\n\t\t\t\t<div class=\"elementor-widget-container\">\n\t\t\t        <div class=\"pp-info-box-container\">\n        <div class=\"pp-info-box\">\n                            <div class=\"pp-info-box-icon-wrap\">\n                                        \t\t<span class=\"pp-info-box-icon pp-icon elementor-animation-grow\">\n\t\t\t\t\t\t\t<i aria-hidden=\"true\" class=\"fas fa-users\"><\/i>\t\t\t\t\t<\/span>\n\t\t                                    <\/div>\n                        <div class=\"pp-info-box-content\">\n                <div class=\"pp-info-box-title-wrap\">\n                    <div class=\"pp-info-box-title-container\"><h4 class=\"pp-info-box-title\">TREINAMENTOS IN COMPANY<\/h4><\/div>                <\/div>\n\n                \n                                    <div class=\"pp-info-box-description\">\n                        <p>Cada empresa possui suas pr\u00f3prias particularidades e necessidades. Por isso, o Mapa do Talento realiza treinamentos In Company personalizados para a sua empresa. Vamos juntos construir um time de sucesso?<\/p>                    <\/div>\n                                            <\/div>\n        <\/div>\n        <\/div>\n        \t\t<\/div>\n\t\t\t\t<\/div>\n\t\t\t\t\t\t<\/div>\n\t\t\t<\/div>\n\t\t<\/div>\n\t\t\t\t<div class=\"elementor-element elementor-element-fd921a6 elementor-column elementor-col-33 elementor-top-column\" data-id=\"fd921a6\" data-element_type=\"column\">\n\t\t\t<div class=\"elementor-column-wrap  elementor-element-populated\">\n\t\t\t\t\t<div class=\"elementor-widget-wrap\">\n\t\t\t\t<div class=\"elementor-element elementor-element-7fd34fb pp-info-box-top elementor-widget elementor-widget-pp-info-box\" data-id=\"7fd34fb\" data-element_type=\"widget\" data-settings=\"{&quot;icon_position&quot;:&quot;top&quot;}\" data-widget_type=\"pp-info-box.default\">\n\t\t\t\t<div class=\"elementor-widget-container\">\n\t\t\t        <div class=\"pp-info-box-container\">\n        <div class=\"pp-info-box\">\n                            <div class=\"pp-info-box-icon-wrap\">\n                                        \t\t<span class=\"pp-info-box-icon pp-icon elementor-animation-grow\">\n\t\t\t\t\t\t\t<i aria-hidden=\"true\" class=\"fas fa-chart-line\"><\/i>\t\t\t\t\t<\/span>\n\t\t                                    <\/div>\n                        <div class=\"pp-info-box-content\">\n                <div class=\"pp-info-box-title-wrap\">\n                    <div class=\"pp-info-box-title-container\"><h4 class=\"pp-info-box-title\">PNL<\/h4><\/div>                <\/div>\n\n                \n                                    <div class=\"pp-info-box-description\">\n                        <p>O que te falta para desenvolver seu potencial? Por falta de est\u00edmulos deixamos adormecidas boa parte do nosso potencial cerebral. Com o treinamento de PNL, voc\u00ea ir\u00e1 aprender diversas estrat\u00e9gias para uma mudan\u00e7a de paradigma.<\/p>                    <\/div>\n                                            <\/div>\n        <\/div>\n        <\/div>\n        \t\t<\/div>\n\t\t\t\t<\/div>\n\t\t\t\t\t\t<\/div>\n\t\t\t<\/div>\n\t\t<\/div>\n\t\t\t\t<div class=\"elementor-element elementor-element-740ea9e elementor-column elementor-col-33 elementor-top-column\" data-id=\"740ea9e\" data-element_type=\"column\">\n\t\t\t<div class=\"elementor-column-wrap  elementor-element-populated\">\n\t\t\t\t\t<div class=\"elementor-widget-wrap\">\n\t\t\t\t<div class=\"elementor-element elementor-element-ce488b8 pp-info-box-top elementor-widget elementor-widget-pp-info-box\" data-id=\"ce488b8\" data-element_type=\"widget\" data-settings=\"{&quot;icon_position&quot;:&quot;top&quot;}\" data-widget_type=\"pp-info-box.default\">\n\t\t\t\t<div class=\"elementor-widget-container\">\n\t\t\t        <div class=\"pp-info-box-container\">\n        <div class=\"pp-info-box\">\n                            <div class=\"pp-info-box-icon-wrap\">\n                                        \t\t<span class=\"pp-info-box-icon pp-icon elementor-animation-grow\">\n\t\t\t\t\t\t\t<i aria-hidden=\"true\" class=\"fas fa-user-check\"><\/i>\t\t\t\t\t<\/span>\n\t\t                                    <\/div>\n                        <div class=\"pp-info-box-content\">\n                <div class=\"pp-info-box-title-wrap\">\n                    <div class=\"pp-info-box-title-container\"><h4 class=\"pp-info-box-title\">DISC<\/h4><\/div>                <\/div>\n\n                \n                                    <div class=\"pp-info-box-description\">\n                        <p>O DISC \u00e9 a analise mais utilizada no mundo e gera 98% de assertividade sobre perfis comportamentais. Atrav\u00e9s dessa ferramenta, voc\u00ea vai aprender a usar o potencial humano de forma mais eficaz e assertiva.<\/p>                    <\/div>\n                                            <\/div>\n        <\/div>\n        <\/div>\n        \t\t<\/div>\n\t\t\t\t<\/div>\n\t\t\t\t\t\t<\/div>\n\t\t\t<\/div>\n\t\t<\/div>\n\t\t\t\t\t\t<\/div>\n\t\t\t<\/div>\n\t\t<\/section>\n\t\t\t\t<section class=\"elementor-element elementor-element-5e4d31f elementor-section-boxed elementor-section-height-default elementor-section-height-default elementor-invisible elementor-section elementor-top-section\" data-id=\"5e4d31f\" data-element_type=\"section\" data-settings=\"{&quot;animation&quot;:&quot;fadeInUp&quot;}\">\n\t\t\t\t\t\t<div class=\"elementor-container elementor-column-gap-default\">\n\t\t\t\t<div class=\"elementor-row\">\n\t\t\t\t<div class=\"elementor-element elementor-element-ee48277 elementor-column elementor-col-33 elementor-top-column\" data-id=\"ee48277\" data-element_type=\"column\">\n\t\t\t<div class=\"elementor-column-wrap  elementor-element-populated\">\n\t\t\t\t\t<div class=\"elementor-widget-wrap\">\n\t\t\t\t<div class=\"elementor-element elementor-element-850b5c6 pp-info-box-top elementor-widget elementor-widget-pp-info-box\" data-id=\"850b5c6\" data-element_type=\"widget\" data-settings=\"{&quot;icon_position&quot;:&quot;top&quot;}\" data-widget_type=\"pp-info-box.default\">\n\t\t\t\t<div class=\"elementor-widget-container\">\n\t\t\t        <div class=\"pp-info-box-container\">\n        <div class=\"pp-info-box\">\n                            <div class=\"pp-info-box-icon-wrap\">\n                                        \t\t<span class=\"pp-info-box-icon pp-icon elementor-animation-grow\">\n\t\t\t\t\t\t\t<i aria-hidden=\"true\" class=\"fas fa-users-cog\"><\/i>\t\t\t\t\t<\/span>\n\t\t                                    <\/div>\n                        <div class=\"pp-info-box-content\">\n                <div class=\"pp-info-box-title-wrap\">\n                    <div class=\"pp-info-box-title-container\"><h4 class=\"pp-info-box-title\">ENGENHARIA DE CARGOS<\/h4><\/div>                <\/div>\n\n                \n                                    <div class=\"pp-info-box-description\">\n                        <p>Ser\u00e1 que seus profissionais est\u00e3o alocados nos setores certos? Desenhar cargos n\u00e3o \u00e9 nada f\u00e1cil e possui um alto grau de relev\u00e2ncia para o desenvolvimento da sua empresa. Por isso, o Mapa do Talento est\u00e1 pronto para organizar o organograma da sua empresa junto com voc\u00ea, empreendedor.<\/p>                    <\/div>\n                                            <\/div>\n        <\/div>\n        <\/div>\n        \t\t<\/div>\n\t\t\t\t<\/div>\n\t\t\t\t\t\t<\/div>\n\t\t\t<\/div>\n\t\t<\/div>\n\t\t\t\t<div class=\"elementor-element elementor-element-435c065 elementor-column elementor-col-33 elementor-top-column\" data-id=\"435c065\" data-element_type=\"column\">\n\t\t\t<div class=\"elementor-column-wrap  elementor-element-populated\">\n\t\t\t\t\t<div class=\"elementor-widget-wrap\">\n\t\t\t\t<div class=\"elementor-element elementor-element-0613e38 pp-info-box-top elementor-widget elementor-widget-pp-info-box\" data-id=\"0613e38\" data-element_type=\"widget\" data-settings=\"{&quot;icon_position&quot;:&quot;top&quot;}\" data-widget_type=\"pp-info-box.default\">\n\t\t\t\t<div class=\"elementor-widget-container\">\n\t\t\t        <div class=\"pp-info-box-container\">\n        <div class=\"pp-info-box\">\n                            <div class=\"pp-info-box-icon-wrap\">\n                                        \t\t<span class=\"pp-info-box-icon pp-icon elementor-animation-grow\">\n\t\t\t\t\t\t\t<i aria-hidden=\"true\" class=\"far fa-check-square\"><\/i>\t\t\t\t\t<\/span>\n\t\t                                    <\/div>\n                        <div class=\"pp-info-box-content\">\n                <div class=\"pp-info-box-title-wrap\">\n                    <div class=\"pp-info-box-title-container\"><h4 class=\"pp-info-box-title\">Devolutiva comportamental<\/h4><\/div>                <\/div>\n\n                \n                                    <div class=\"pp-info-box-description\">\n                        <p>O objetivo dessa forma\u00e7\u00e3o \u00e9 capacitar os profissionais de desenvolvimento humano para dar uma devolutiva onde os demais colaboradores da empresa, ao adentrarem as salas de RH, saiam melhores do que quando entraram. Nesse curso, voc\u00ea sair\u00e1 preparado para lidar com sentimentos, emo\u00e7\u00f5es e sonhos.\u00a0<\/p>                    <\/div>\n                                            <\/div>\n        <\/div>\n        <\/div>\n        \t\t<\/div>\n\t\t\t\t<\/div>\n\t\t\t\t\t\t<\/div>\n\t\t\t<\/div>\n\t\t<\/div>\n\t\t\t\t<div class=\"elementor-element elementor-element-3bd6b4f elementor-column elementor-col-33 elementor-top-column\" data-id=\"3bd6b4f\" data-element_type=\"column\">\n\t\t\t<div class=\"elementor-column-wrap  elementor-element-populated\">\n\t\t\t\t\t<div class=\"elementor-widget-wrap\">\n\t\t\t\t<div class=\"elementor-element elementor-element-02a4927 pp-info-box-top elementor-widget elementor-widget-pp-info-box\" data-id=\"02a4927\" data-element_type=\"widget\" data-settings=\"{&quot;icon_position&quot;:&quot;top&quot;}\" data-widget_type=\"pp-info-box.default\">\n\t\t\t\t<div class=\"elementor-widget-container\">\n\t\t\t        <div class=\"pp-info-box-container\">\n        <div class=\"pp-info-box\">\n                            <div class=\"pp-info-box-icon-wrap\">\n                                        \t\t<span class=\"pp-info-box-icon pp-icon elementor-animation-grow\">\n\t\t\t\t\t\t\t<i aria-hidden=\"true\" class=\"fas fa-child\"><\/i>\t\t\t\t\t<\/span>\n\t\t                                    <\/div>\n                        <div class=\"pp-info-box-content\">\n                <div class=\"pp-info-box-title-wrap\">\n                    <div class=\"pp-info-box-title-container\"><h4 class=\"pp-info-box-title\">MENTORIA DE CARREIRA<\/h4><\/div>                <\/div>\n\n                \n                                    <div class=\"pp-info-box-description\">\n                        <p>Se sente perdido em rela\u00e7\u00e3o a sua carreira? Ou voc\u00ea tem tido dificuldades de enxergar metas a longo prazo? Eu posso te ajudar! O Mapa do Talento possui tamb\u00e9m o programa de mentoria, onde atrav\u00e9s de encontros e muito bate papo, iremos encontrar juntos a solu\u00e7\u00e3o certa para a sua carreira e para a sua vida.<\/p>                    <\/div>\n                                            <\/div>\n        <\/div>\n        <\/div>\n        \t\t<\/div>\n\t\t\t\t<\/div>\n\t\t\t\t\t\t<\/div>\n\t\t\t<\/div>\n\t\t<\/div>\n\t\t\t\t\t\t<\/div>\n\t\t\t<\/div>\n\t\t<\/section>\n\t\t\t\t\t\t<\/div>\n\t\t\t<\/div>\n\t\t<\/div>\n\t\t","protected":false},"excerpt":{"rendered":"<p>Veja todos os servi\u00e7os TREINAMENTOS IN COMPANY Cada empresa possui suas pr\u00f3prias particularidades e necessidades. Por isso, o Mapa do Talento realiza treinamentos In Company personalizados para a sua empresa. Vamos juntos construir um time de sucesso? PNL O que te falta para desenvolver seu potencial? Por falta de est\u00edmulos deixamos adormecidas boa parte do &hellip;<\/p>\n<p class=\"read-more\"> <a class=\"\" href=\"https:\/\/seutalento.com.br\/index.php\/servicos\/\"> <span class=\"screen-reader-text\">Servi\u00e7os<\/span> Leia mais &raquo;<\/a><\/p>\n","protected":false},"author":1,"featured_media":0,"parent":0,"menu_order":0,"comment_status":"closed","ping_status":"closed","template":"","meta":{"footnotes":""},"class_list":["post-215","page","type-page","status-publish","hentry"],"_links":{"self":[{"href":"https:\/\/seutalento.com.br\/index.php\/wp-json\/wp\/v2\/pages\/215","targetHints":{"allow":["GET"]}}],"collection":[{"href":"https:\/\/seutalento.com.br\/index.php\/wp-json\/wp\/v2\/pages"}],"about":[{"href":"https:\/\/seutalento.com.br\/index.php\/wp-json\/wp\/v2\/types\/page"}],"author":[{"embeddable":true,"href":"https:\/\/seutalento.com.br\/index.php\/wp-json\/wp\/v2\/users\/1"}],"replies":[{"embeddable":true,"href":"https:\/\/seutalento.com.br\/index.php\/wp-json\/wp\/v2\/comments?post=215"}],"version-history":[{"count":31,"href":"https:\/\/seutalento.com.br\/index.php\/wp-json\/wp\/v2\/pages\/215\/revisions"}],"predecessor-version":[{"id":320,"href":"https:\/\/seutalento.com.br\/index.php\/wp-json\/wp\/v2\/pages\/215\/revisions\/320"}],"wp:attachment":[{"href":"https:\/\/seutalento.com.br\/index.php\/wp-json\/wp\/v2\/media?parent=215"}],"curies":[{"name":"wp","href":"https:\/\/api.w.org\/{rel}","templated":true}]}}