{"id":25,"date":"2020-05-21T22:02:35","date_gmt":"2020-05-22T01:02:35","guid":{"rendered":"http:\/\/seutalento.com.br\/?page_id=25"},"modified":"2020-06-05T20:24:47","modified_gmt":"2020-06-05T23:24:47","slug":"quem-somos","status":"publish","type":"page","link":"https:\/\/seutalento.com.br\/index.php\/quem-somos\/","title":{"rendered":"Quem Somos"},"content":{"rendered":"\t\t<div data-elementor-type=\"wp-page\" data-elementor-id=\"25\" class=\"elementor elementor-25\" data-elementor-settings=\"[]\">\n\t\t\t<div class=\"elementor-inner\">\n\t\t\t\t<div class=\"elementor-section-wrap\">\n\t\t\t\t\t\t\t<section class=\"elementor-element elementor-element-04d422c elementor-section-full_width elementor-section-height-min-height elementor-section-height-default elementor-section-items-middle elementor-section elementor-top-section\" data-id=\"04d422c\" data-element_type=\"section\" data-settings=\"{&quot;background_background&quot;:&quot;gradient&quot;}\">\n\t\t\t\t\t\t<div class=\"elementor-container elementor-column-gap-no\">\n\t\t\t\t<div class=\"elementor-row\">\n\t\t\t\t<div class=\"elementor-element elementor-element-f0b88ae elementor-column elementor-col-100 elementor-top-column\" data-id=\"f0b88ae\" data-element_type=\"column\">\n\t\t\t<div class=\"elementor-column-wrap  elementor-element-populated\">\n\t\t\t\t\t<div class=\"elementor-widget-wrap\">\n\t\t\t\t\t\t<\/div>\n\t\t\t<\/div>\n\t\t<\/div>\n\t\t\t\t\t\t<\/div>\n\t\t\t<\/div>\n\t\t<\/section>\n\t\t\t\t<section class=\"elementor-element elementor-element-a580ec0 elementor-section-boxed elementor-section-height-default elementor-section-height-default elementor-section elementor-top-section\" data-id=\"a580ec0\" data-element_type=\"section\">\n\t\t\t\t\t\t<div class=\"elementor-container elementor-column-gap-default\">\n\t\t\t\t<div class=\"elementor-row\">\n\t\t\t\t<div class=\"elementor-element elementor-element-0945547 elementor-column elementor-col-100 elementor-top-column\" data-id=\"0945547\" data-element_type=\"column\">\n\t\t\t<div class=\"elementor-column-wrap  elementor-element-populated\">\n\t\t\t\t\t<div class=\"elementor-widget-wrap\">\n\t\t\t\t<div class=\"elementor-element elementor-element-2ef236f elementor-widget elementor-widget-heading\" data-id=\"2ef236f\" data-element_type=\"widget\" data-widget_type=\"heading.default\">\n\t\t\t\t<div class=\"elementor-widget-container\">\n\t\t\t<h2 class=\"elementor-heading-title elementor-size-default\">nos conhe\u00e7a um pouco mais<\/h2>\t\t<\/div>\n\t\t\t\t<\/div>\n\t\t\t\t<div class=\"elementor-element elementor-element-3660fe8 elementor-widget-divider--view-line_icon elementor-view-default elementor-widget-divider--element-align-center elementor-widget elementor-widget-divider\" data-id=\"3660fe8\" data-element_type=\"widget\" data-widget_type=\"divider.default\">\n\t\t\t\t<div class=\"elementor-widget-container\">\n\t\t\t\t\t<div class=\"elementor-divider\">\n\t\t\t<span class=\"elementor-divider-separator\">\n\t\t\t\t\t\t\t<div class=\"elementor-icon elementor-divider__element\">\n\t\t\t\t\t<i aria-hidden=\"true\" class=\"fas fa-users\"><\/i><\/div>\n\t\t\t\t\t\t<\/span>\n\t\t<\/div>\n\t\t\t\t<\/div>\n\t\t\t\t<\/div>\n\t\t\t\t\t\t<\/div>\n\t\t\t<\/div>\n\t\t<\/div>\n\t\t\t\t\t\t<\/div>\n\t\t\t<\/div>\n\t\t<\/section>\n\t\t\t\t<section class=\"elementor-element elementor-element-d696eb4 elementor-section-boxed elementor-section-height-default elementor-section-height-default elementor-section elementor-top-section\" data-id=\"d696eb4\" data-element_type=\"section\">\n\t\t\t\t\t\t<div class=\"elementor-container elementor-column-gap-default\">\n\t\t\t\t<div class=\"elementor-row\">\n\t\t\t\t<div class=\"elementor-element elementor-element-ed714d5 elementor-column elementor-col-50 elementor-top-column\" data-id=\"ed714d5\" data-element_type=\"column\">\n\t\t\t<div class=\"elementor-column-wrap  elementor-element-populated\">\n\t\t\t\t\t<div class=\"elementor-widget-wrap\">\n\t\t\t\t<div class=\"elementor-element elementor-element-7a28933 elementor-widget elementor-widget-image\" data-id=\"7a28933\" data-element_type=\"widget\" data-widget_type=\"image.default\">\n\t\t\t\t<div class=\"elementor-widget-container\">\n\t\t\t\t\t<div class=\"elementor-image\">\n\t\t\t\t\t\t\t\t\t\t<img loading=\"lazy\" decoding=\"async\" width=\"1701\" height=\"2022\" src=\"https:\/\/seutalento.com.br\/wp-content\/uploads\/2020\/05\/IMG_4272_Facetune_29-05-2020-10-35-57-scaled-e1590795929176.jpg\" class=\"attachment-full size-full\" alt=\"\" srcset=\"https:\/\/seutalento.com.br\/wp-content\/uploads\/2020\/05\/IMG_4272_Facetune_29-05-2020-10-35-57-scaled-e1590795929176.jpg 1701w, https:\/\/seutalento.com.br\/wp-content\/uploads\/2020\/05\/IMG_4272_Facetune_29-05-2020-10-35-57-scaled-e1590795929176-252x300.jpg 252w, https:\/\/seutalento.com.br\/wp-content\/uploads\/2020\/05\/IMG_4272_Facetune_29-05-2020-10-35-57-scaled-e1590795929176-861x1024.jpg 861w, https:\/\/seutalento.com.br\/wp-content\/uploads\/2020\/05\/IMG_4272_Facetune_29-05-2020-10-35-57-scaled-e1590795929176-768x913.jpg 768w, https:\/\/seutalento.com.br\/wp-content\/uploads\/2020\/05\/IMG_4272_Facetune_29-05-2020-10-35-57-scaled-e1590795929176-1292x1536.jpg 1292w\" sizes=\"auto, (max-width: 1701px) 100vw, 1701px\" \/>\t\t\t\t\t\t\t\t\t\t\t<\/div>\n\t\t\t\t<\/div>\n\t\t\t\t<\/div>\n\t\t\t\t\t\t<\/div>\n\t\t\t<\/div>\n\t\t<\/div>\n\t\t\t\t<div class=\"elementor-element elementor-element-7926ce0 elementor-column elementor-col-50 elementor-top-column\" data-id=\"7926ce0\" data-element_type=\"column\">\n\t\t\t<div class=\"elementor-column-wrap  elementor-element-populated\">\n\t\t\t\t\t<div class=\"elementor-widget-wrap\">\n\t\t\t\t<div class=\"elementor-element elementor-element-cfae72b elementor-widget elementor-widget-heading\" data-id=\"cfae72b\" data-element_type=\"widget\" data-widget_type=\"heading.default\">\n\t\t\t\t<div class=\"elementor-widget-container\">\n\t\t\t<h2 class=\"elementor-heading-title elementor-size-default\">H\u00e1 mais de 10 anos  permeando hist\u00f3rias de sucesso<\/h2>\t\t<\/div>\n\t\t\t\t<\/div>\n\t\t\t\t<div class=\"elementor-element elementor-element-6ad939d elementor-widget elementor-widget-text-editor\" data-id=\"6ad939d\" data-element_type=\"widget\" data-widget_type=\"text-editor.default\">\n\t\t\t\t<div class=\"elementor-widget-container\">\n\t\t\t\t\t<div class=\"elementor-text-editor elementor-clearfix\"><p>Voc\u00ea sabe qual \u00e9 a principal ferramenta de todo neg\u00f3cio? Se voc\u00ea pensou em pessoas, voc\u00ea est\u00e1 no caminho certo. E \u00e9 por isso que o Mapa do Talento \u00e9 o melhor investimento que voc\u00ea vai fazer, pois uma equipe motivada, com l\u00edderes capacitados e com uma equipe preparada n\u00e3o s\u00f3 tecnicamente mas tamb\u00e9m emocionalmente, \u00e9 o que vai te ajudar a atingir um novo patamar no seu neg\u00f3cio.<\/p><\/div>\n\t\t\t\t<\/div>\n\t\t\t\t<\/div>\n\t\t\t\t<div class=\"elementor-element elementor-element-9003deb elementor-widget elementor-widget-heading\" data-id=\"9003deb\" data-element_type=\"widget\" data-widget_type=\"heading.default\">\n\t\t\t\t<div class=\"elementor-widget-container\">\n\t\t\t<h2 class=\"elementor-heading-title elementor-size-default\">Mas afinal, no que nosso time pode ajudar voc\u00ea?<\/h2>\t\t<\/div>\n\t\t\t\t<\/div>\n\t\t\t\t<div class=\"elementor-element elementor-element-8498cb3 elementor-widget elementor-widget-text-editor\" data-id=\"8498cb3\" data-element_type=\"widget\" data-widget_type=\"text-editor.default\">\n\t\t\t\t<div class=\"elementor-widget-container\">\n\t\t\t\t\t<div class=\"elementor-text-editor elementor-clearfix\"><p>\u00c9 comum encontrar pessoas que se sintam perdidas e inseguras em rela\u00e7\u00e3o ao seu futuro em suas profiss\u00f5es ou em seus ninchos de atua\u00e7\u00e3o no trabalho. \u00c9 por isso que o Mapa do Talento promove diversas capacita\u00e7\u00f5es que vis\u00e3o o auto desenvolvimento, al\u00e9m disso, temos solu\u00e7\u00f5es para voc\u00ea que \u00e9 dono do seu pr\u00f3prio neg\u00f3cio ou que atua na \u00e1rea de desenvolvimento humano, que v\u00e3o te ajudar a construir um time de sucesso.<\/p><\/div>\n\t\t\t\t<\/div>\n\t\t\t\t<\/div>\n\t\t\t\t\t\t<\/div>\n\t\t\t<\/div>\n\t\t<\/div>\n\t\t\t\t\t\t<\/div>\n\t\t\t<\/div>\n\t\t<\/section>\n\t\t\t\t<section class=\"elementor-element elementor-element-6a45c39 elementor-section-full_width elementor-section-height-min-height elementor-section-items-top elementor-section-height-default elementor-section elementor-top-section\" data-id=\"6a45c39\" data-element_type=\"section\" data-settings=\"{&quot;background_background&quot;:&quot;classic&quot;}\">\n\t\t\t\t\t\t\t<div class=\"elementor-background-overlay\"><\/div>\n\t\t\t\t\t\t\t<div class=\"elementor-container elementor-column-gap-no\">\n\t\t\t\t<div class=\"elementor-row\">\n\t\t\t\t<div class=\"elementor-element elementor-element-d1add35 elementor-column elementor-col-100 elementor-top-column\" data-id=\"d1add35\" data-element_type=\"column\">\n\t\t\t<div class=\"elementor-column-wrap  elementor-element-populated\">\n\t\t\t\t\t<div class=\"elementor-widget-wrap\">\n\t\t\t\t<div class=\"elementor-element elementor-element-ae2f73f elementor-widget elementor-widget-heading\" data-id=\"ae2f73f\" data-element_type=\"widget\" data-widget_type=\"heading.default\">\n\t\t\t\t<div class=\"elementor-widget-container\">\n\t\t\t<h2 class=\"elementor-heading-title elementor-size-default\">Nossas Skills<\/h2>\t\t<\/div>\n\t\t\t\t<\/div>\n\t\t\t\t<div class=\"elementor-element elementor-element-cb2a7ea elementor-widget elementor-widget-heading\" data-id=\"cb2a7ea\" data-element_type=\"widget\" data-widget_type=\"heading.default\">\n\t\t\t\t<div class=\"elementor-widget-container\">\n\t\t\t<h2 class=\"elementor-heading-title elementor-size-default\">Veja nossos n\u00fameros<\/h2>\t\t<\/div>\n\t\t\t\t<\/div>\n\t\t\t\t<div class=\"elementor-element elementor-element-e6a2d1f elementor-widget-divider--view-line_icon elementor-view-default elementor-widget-divider--element-align-center elementor-widget elementor-widget-divider\" data-id=\"e6a2d1f\" data-element_type=\"widget\" data-widget_type=\"divider.default\">\n\t\t\t\t<div class=\"elementor-widget-container\">\n\t\t\t\t\t<div class=\"elementor-divider\">\n\t\t\t<span class=\"elementor-divider-separator\">\n\t\t\t\t\t\t\t<div class=\"elementor-icon elementor-divider__element\">\n\t\t\t\t\t<i aria-hidden=\"true\" class=\"fas fa-users\"><\/i><\/div>\n\t\t\t\t\t\t<\/span>\n\t\t<\/div>\n\t\t\t\t<\/div>\n\t\t\t\t<\/div>\n\t\t\t\t<section class=\"elementor-element elementor-element-a1daba8 elementor-section-boxed elementor-section-height-default elementor-section-height-default elementor-invisible elementor-section elementor-inner-section\" data-id=\"a1daba8\" data-element_type=\"section\" data-settings=\"{&quot;animation&quot;:&quot;zoomIn&quot;}\">\n\t\t\t\t\t\t<div class=\"elementor-container elementor-column-gap-default\">\n\t\t\t\t<div class=\"elementor-row\">\n\t\t\t\t<div class=\"elementor-element elementor-element-980c9bb elementor-column elementor-col-25 elementor-inner-column\" data-id=\"980c9bb\" data-element_type=\"column\">\n\t\t\t<div class=\"elementor-column-wrap  elementor-element-populated\">\n\t\t\t\t\t<div class=\"elementor-widget-wrap\">\n\t\t\t\t<div class=\"elementor-element elementor-element-4846b77 elementor-widget elementor-widget-premium-counter\" data-id=\"4846b77\" data-element_type=\"widget\" data-widget_type=\"premium-counter.default\">\n\t\t\t\t<div class=\"elementor-widget-container\">\n\t\t\t\n\t\t<div class=\"premium-counter premium-counter-area top\" data-duration=\"3000\" data-from-value=\"0\" data-to-value=\"29958\" data-delimiter=\".\" data-rounding=\"0\">\n\t\t\t\n        <div class=\"premium-counter-icon\">\n            \n            <span class=\"icon\" data-animation=\"none\">\n\n                \t\t\t\t\t<div ><\/div>\n\t\t\t\t            \n            <\/span>\n        <\/div>\n\n        \n        <div class=\"premium-init-wrapper\">\n\n\t\t\t<div class=\"premium-counter-value-wrap\">\n\t\t\t\t\n\t\t\t\t<span class=\"premium-counter-init\" id=\"counter-4846b77\">0<\/span>\n\n\t\t\t\t\t\t\t<\/div>\n\n                            <h4 class=\"premium-counter-title\">\n                    <div >\n                        Pessoas                    <\/div>\n                <\/h4>\n                    <\/div>\n\n            <\/div>\n\n\t\t\t\t<\/div>\n\t\t\t\t<\/div>\n\t\t\t\t<div class=\"elementor-element elementor-element-b8180a7 elementor-widget elementor-widget-heading\" data-id=\"b8180a7\" data-element_type=\"widget\" data-widget_type=\"heading.default\">\n\t\t\t\t<div class=\"elementor-widget-container\">\n\t\t\t<h2 class=\"elementor-heading-title elementor-size-default\">j\u00e1 passaram pelo nosso teste de Disc<\/h2>\t\t<\/div>\n\t\t\t\t<\/div>\n\t\t\t\t\t\t<\/div>\n\t\t\t<\/div>\n\t\t<\/div>\n\t\t\t\t<div class=\"elementor-element elementor-element-e90a94c elementor-column elementor-col-25 elementor-inner-column\" data-id=\"e90a94c\" data-element_type=\"column\">\n\t\t\t<div class=\"elementor-column-wrap  elementor-element-populated\">\n\t\t\t\t\t<div class=\"elementor-widget-wrap\">\n\t\t\t\t<div class=\"elementor-element elementor-element-12d8e1a elementor-widget elementor-widget-premium-counter\" data-id=\"12d8e1a\" data-element_type=\"widget\" data-widget_type=\"premium-counter.default\">\n\t\t\t\t<div class=\"elementor-widget-container\">\n\t\t\t\n\t\t<div class=\"premium-counter premium-counter-area top\" data-duration=\"3000\" data-from-value=\"0\" data-to-value=\"97.9\" data-delimiter=\",\" data-rounding=\"2\">\n\t\t\t\n        <div class=\"premium-counter-icon\">\n            \n            <span class=\"icon\" data-animation=\"none\">\n\n                \t\t\t\t\t<div ><\/div>\n\t\t\t\t            \n            <\/span>\n        <\/div>\n\n        \n        <div class=\"premium-init-wrapper\">\n\n\t\t\t<div class=\"premium-counter-value-wrap\">\n\t\t\t\t\n\t\t\t\t<span class=\"premium-counter-init\" id=\"counter-12d8e1a\">0<\/span>\n\n\t\t\t\t\t\t\t\t\t<span id=\"suffix\" class=\"counter-su-pre\">%<\/span>\n\t\t\t\t\t\t\t<\/div>\n\n                            <h4 class=\"premium-counter-title\">\n                    <div >\n                        Taxa                    <\/div>\n                <\/h4>\n                    <\/div>\n\n            <\/div>\n\n\t\t\t\t<\/div>\n\t\t\t\t<\/div>\n\t\t\t\t<div class=\"elementor-element elementor-element-c8285e6 elementor-widget elementor-widget-heading\" data-id=\"c8285e6\" data-element_type=\"widget\" data-widget_type=\"heading.default\">\n\t\t\t\t<div class=\"elementor-widget-container\">\n\t\t\t<h2 class=\"elementor-heading-title elementor-size-default\">de assertividade nos avaliados pelo teste<\/h2>\t\t<\/div>\n\t\t\t\t<\/div>\n\t\t\t\t\t\t<\/div>\n\t\t\t<\/div>\n\t\t<\/div>\n\t\t\t\t<div class=\"elementor-element elementor-element-70d8c24 elementor-column elementor-col-25 elementor-inner-column\" data-id=\"70d8c24\" data-element_type=\"column\">\n\t\t\t<div class=\"elementor-column-wrap  elementor-element-populated\">\n\t\t\t\t\t<div class=\"elementor-widget-wrap\">\n\t\t\t\t<div class=\"elementor-element elementor-element-92b02ba elementor-widget elementor-widget-premium-counter\" data-id=\"92b02ba\" data-element_type=\"widget\" data-widget_type=\"premium-counter.default\">\n\t\t\t\t<div class=\"elementor-widget-container\">\n\t\t\t\n\t\t<div class=\"premium-counter premium-counter-area top\" data-duration=\"3000\" data-from-value=\"0\" data-to-value=\"100\" data-delimiter=\".\" data-rounding=\"0\">\n\t\t\t\n        <div class=\"premium-counter-icon\">\n            \n            <span class=\"icon\" data-animation=\"none\">\n\n                \t\t\t\t\t<div ><\/div>\n\t\t\t\t            \n            <\/span>\n        <\/div>\n\n        \n        <div class=\"premium-init-wrapper\">\n\n\t\t\t<div class=\"premium-counter-value-wrap\">\n\t\t\t\t\n\t\t\t\t<span class=\"premium-counter-init\" id=\"counter-92b02ba\">0<\/span>\n\n\t\t\t\t\t\t\t<\/div>\n\n                            <h4 class=\"premium-counter-title\">\n                    <div >\n                        Milh\u00f5es                    <\/div>\n                <\/h4>\n                    <\/div>\n\n            <\/div>\n\n\t\t\t\t<\/div>\n\t\t\t\t<\/div>\n\t\t\t\t<div class=\"elementor-element elementor-element-d7d3766 elementor-widget elementor-widget-heading\" data-id=\"d7d3766\" data-element_type=\"widget\" data-widget_type=\"heading.default\">\n\t\t\t\t<div class=\"elementor-widget-container\">\n\t\t\t<h2 class=\"elementor-heading-title elementor-size-default\">de pessoas no mundo  j\u00e1 foram analisadas pelo DISC<\/h2>\t\t<\/div>\n\t\t\t\t<\/div>\n\t\t\t\t\t\t<\/div>\n\t\t\t<\/div>\n\t\t<\/div>\n\t\t\t\t<div class=\"elementor-element elementor-element-4d20be4 elementor-column elementor-col-25 elementor-inner-column\" data-id=\"4d20be4\" data-element_type=\"column\">\n\t\t\t<div class=\"elementor-column-wrap  elementor-element-populated\">\n\t\t\t\t\t<div class=\"elementor-widget-wrap\">\n\t\t\t\t<div class=\"elementor-element elementor-element-0ef0f9f elementor-widget elementor-widget-premium-counter\" data-id=\"0ef0f9f\" data-element_type=\"widget\" data-widget_type=\"premium-counter.default\">\n\t\t\t\t<div class=\"elementor-widget-container\">\n\t\t\t\n\t\t<div class=\"premium-counter premium-counter-area top\" data-duration=\"3000\" data-from-value=\"0\" data-to-value=\"88\" data-delimiter=\".\" data-rounding=\"0\">\n\t\t\t\n        <div class=\"premium-counter-icon\">\n            \n            <span class=\"icon\" data-animation=\"none\">\n\n                \t\t\t\t\t<div ><\/div>\n\t\t\t\t            \n            <\/span>\n        <\/div>\n\n        \n        <div class=\"premium-init-wrapper\">\n\n\t\t\t<div class=\"premium-counter-value-wrap\">\n\t\t\t\t\n\t\t\t\t<span class=\"premium-counter-init\" id=\"counter-0ef0f9f\">0<\/span>\n\n\t\t\t\t\t\t\t\t\t<span id=\"suffix\" class=\"counter-su-pre\">%<\/span>\n\t\t\t\t\t\t\t<\/div>\n\n                            <h4 class=\"premium-counter-title\">\n                    <div >\n                        Taxa                    <\/div>\n                <\/h4>\n                    <\/div>\n\n            <\/div>\n\n\t\t\t\t<\/div>\n\t\t\t\t<\/div>\n\t\t\t\t<div class=\"elementor-element elementor-element-a7976dc elementor-widget elementor-widget-heading\" data-id=\"a7976dc\" data-element_type=\"widget\" data-widget_type=\"heading.default\">\n\t\t\t\t<div class=\"elementor-widget-container\">\n\t\t\t<h2 class=\"elementor-heading-title elementor-size-default\">de pessoas insatisfeitas com o trabalho<\/h2>\t\t<\/div>\n\t\t\t\t<\/div>\n\t\t\t\t\t\t<\/div>\n\t\t\t<\/div>\n\t\t<\/div>\n\t\t\t\t\t\t<\/div>\n\t\t\t<\/div>\n\t\t<\/section>\n\t\t\t\t\t\t<\/div>\n\t\t\t<\/div>\n\t\t<\/div>\n\t\t\t\t\t\t<\/div>\n\t\t\t<\/div>\n\t\t<\/section>\n\t\t\t\t<section class=\"elementor-element elementor-element-1cf4bce elementor-section-boxed elementor-section-height-default elementor-section-height-default elementor-section elementor-top-section\" data-id=\"1cf4bce\" data-element_type=\"section\">\n\t\t\t\t\t\t<div class=\"elementor-container elementor-column-gap-default\">\n\t\t\t\t<div class=\"elementor-row\">\n\t\t\t\t<div class=\"elementor-element elementor-element-9d70730 elementor-column elementor-col-100 elementor-top-column\" data-id=\"9d70730\" data-element_type=\"column\">\n\t\t\t<div class=\"elementor-column-wrap  elementor-element-populated\">\n\t\t\t\t\t<div class=\"elementor-widget-wrap\">\n\t\t\t\t<div class=\"elementor-element elementor-element-2fc398b elementor-widget elementor-widget-heading\" data-id=\"2fc398b\" data-element_type=\"widget\" data-widget_type=\"heading.default\">\n\t\t\t\t<div class=\"elementor-widget-container\">\n\t\t\t<h2 class=\"elementor-heading-title elementor-size-default\">Equipe<\/h2>\t\t<\/div>\n\t\t\t\t<\/div>\n\t\t\t\t<div class=\"elementor-element elementor-element-b4d1585 elementor-widget elementor-widget-heading\" data-id=\"b4d1585\" data-element_type=\"widget\" data-widget_type=\"heading.default\">\n\t\t\t\t<div class=\"elementor-widget-container\">\n\t\t\t<h2 class=\"elementor-heading-title elementor-size-default\">O time<\/h2>\t\t<\/div>\n\t\t\t\t<\/div>\n\t\t\t\t<div class=\"elementor-element elementor-element-859f5a6 elementor-widget-divider--view-line_icon elementor-view-default elementor-widget-divider--element-align-center elementor-widget elementor-widget-divider\" data-id=\"859f5a6\" data-element_type=\"widget\" data-widget_type=\"divider.default\">\n\t\t\t\t<div class=\"elementor-widget-container\">\n\t\t\t\t\t<div class=\"elementor-divider\">\n\t\t\t<span class=\"elementor-divider-separator\">\n\t\t\t\t\t\t\t<div class=\"elementor-icon elementor-divider__element\">\n\t\t\t\t\t<i aria-hidden=\"true\" class=\"fas fa-users\"><\/i><\/div>\n\t\t\t\t\t\t<\/span>\n\t\t<\/div>\n\t\t\t\t<\/div>\n\t\t\t\t<\/div>\n\t\t\t\t\t\t<\/div>\n\t\t\t<\/div>\n\t\t<\/div>\n\t\t\t\t\t\t<\/div>\n\t\t\t<\/div>\n\t\t<\/section>\n\t\t\t\t<section class=\"elementor-element elementor-element-036dfaa elementor-section-boxed elementor-section-height-default elementor-section-height-default elementor-invisible elementor-section elementor-top-section\" data-id=\"036dfaa\" data-element_type=\"section\" data-settings=\"{&quot;animation&quot;:&quot;fadeInUp&quot;}\">\n\t\t\t\t\t\t<div class=\"elementor-container elementor-column-gap-default\">\n\t\t\t\t<div class=\"elementor-row\">\n\t\t\t\t<div class=\"elementor-element elementor-element-bdc818b elementor-column elementor-col-100 elementor-top-column\" data-id=\"bdc818b\" data-element_type=\"column\">\n\t\t\t<div class=\"elementor-column-wrap  elementor-element-populated\">\n\t\t\t\t\t<div class=\"elementor-widget-wrap\">\n\t\t\t\t<div class=\"elementor-element elementor-element-69d82b4 elementor-widget elementor-widget-premium-addon-person\" data-id=\"69d82b4\" data-element_type=\"widget\" data-widget_type=\"premium-addon-person.default\">\n\t\t\t\t<div class=\"elementor-widget-container\">\n\t\t\t        <div class=\"premium-persons-container premium-person-style1\">\n                        <div class=\"premium-person-container premium-person-zoomin-effect\">\n                <div class=\"premium-person-image-container\">\n                    <div class=\"premium-person-image-wrap\">\n                        <img loading=\"lazy\" decoding=\"async\" width=\"334\" height=\"554\" src=\"https:\/\/seutalento.com.br\/wp-content\/uploads\/2020\/06\/Screen-Shot-2020-06-05-at-20.24.08.png\" class=\"attachment-full size-full\" alt=\"\" srcset=\"https:\/\/seutalento.com.br\/wp-content\/uploads\/2020\/06\/Screen-Shot-2020-06-05-at-20.24.08.png 334w, https:\/\/seutalento.com.br\/wp-content\/uploads\/2020\/06\/Screen-Shot-2020-06-05-at-20.24.08-181x300.png 181w\" sizes=\"auto, (max-width: 334px) 100vw, 334px\" \/>                    <\/div>\n                                    <\/div>\n                <div class=\"premium-person-info\">\n                                <div class=\"premium-person-info-container\">\n                                    <h2 class=\"premium-person-name\"><span >Ricardo Aderaldo<\/span><\/h2>\n                                        <h4 class=\"premium-person-title\"><span >Master Practitioner <\/span><\/h4>\n                            \n        <ul class=\"premium-person-social-list\">\n                            <li class=\"elementor-icon premium-person-list-item premium-person-instagram\"><a href=\"https:\/\/www.instagram.com\/ricardo_aderaldo\/\" target=\"_blank\"><i class=\"fab fa-instagram\"><\/i><\/a><\/li>\n                    <\/ul>\n                    <\/div>\n                        <\/div>\n            <\/div>\n                    <\/div>\n    \t\t<\/div>\n\t\t\t\t<\/div>\n\t\t\t\t\t\t<\/div>\n\t\t\t<\/div>\n\t\t<\/div>\n\t\t\t\t\t\t<\/div>\n\t\t\t<\/div>\n\t\t<\/section>\n\t\t\t\t\t\t<\/div>\n\t\t\t<\/div>\n\t\t<\/div>\n\t\t","protected":false},"excerpt":{"rendered":"<p>nos conhe\u00e7a um pouco mais H\u00e1 mais de 10 anos permeando hist\u00f3rias de sucesso Voc\u00ea sabe qual \u00e9 a principal ferramenta de todo neg\u00f3cio? Se voc\u00ea pensou em pessoas, voc\u00ea est\u00e1 no caminho certo. E \u00e9 por isso que o Mapa do Talento \u00e9 o melhor investimento que voc\u00ea vai fazer, pois uma equipe motivada, &hellip;<\/p>\n<p class=\"read-more\"> <a class=\"\" href=\"https:\/\/seutalento.com.br\/index.php\/quem-somos\/\"> <span class=\"screen-reader-text\">Quem Somos<\/span> Leia mais &raquo;<\/a><\/p>\n","protected":false},"author":1,"featured_media":0,"parent":0,"menu_order":0,"comment_status":"closed","ping_status":"closed","template":"","meta":{"footnotes":""},"class_list":["post-25","page","type-page","status-publish","hentry"],"_links":{"self":[{"href":"https:\/\/seutalento.com.br\/index.php\/wp-json\/wp\/v2\/pages\/25","targetHints":{"allow":["GET"]}}],"collection":[{"href":"https:\/\/seutalento.com.br\/index.php\/wp-json\/wp\/v2\/pages"}],"about":[{"href":"https:\/\/seutalento.com.br\/index.php\/wp-json\/wp\/v2\/types\/page"}],"author":[{"embeddable":true,"href":"https:\/\/seutalento.com.br\/index.php\/wp-json\/wp\/v2\/users\/1"}],"replies":[{"embeddable":true,"href":"https:\/\/seutalento.com.br\/index.php\/wp-json\/wp\/v2\/comments?post=25"}],"version-history":[{"count":68,"href":"https:\/\/seutalento.com.br\/index.php\/wp-json\/wp\/v2\/pages\/25\/revisions"}],"predecessor-version":[{"id":294,"href":"https:\/\/seutalento.com.br\/index.php\/wp-json\/wp\/v2\/pages\/25\/revisions\/294"}],"wp:attachment":[{"href":"https:\/\/seutalento.com.br\/index.php\/wp-json\/wp\/v2\/media?parent=25"}],"curies":[{"name":"wp","href":"https:\/\/api.w.org\/{rel}","templated":true}]}}